{"id":15,"date":"2026-01-19T16:28:20","date_gmt":"2026-01-19T15:28:20","guid":{"rendered":"http:\/\/piedrascucas.es\/?page_id=15"},"modified":"2026-01-19T16:53:39","modified_gmt":"2026-01-19T15:53:39","slug":"inicio","status":"publish","type":"page","link":"https:\/\/piedrascucas.es\/","title":{"rendered":"Inicio"},"content":{"rendered":"\t\t<div data-elementor-type=\"wp-page\" data-elementor-id=\"15\" class=\"elementor elementor-15\" data-elementor-post-type=\"page\">\n\t\t\t\t<div class=\"elementor-element elementor-element-eab23a7 e-flex e-con-boxed e-con e-parent\" data-id=\"eab23a7\" data-element_type=\"container\" data-e-type=\"container\" data-settings=\"{&quot;background_background&quot;:&quot;classic&quot;}\">\n\t\t\t\t\t<div class=\"e-con-inner\">\n\t\t<div class=\"elementor-element elementor-element-3d01d7f e-con-full e-flex e-con e-child\" data-id=\"3d01d7f\" data-element_type=\"container\" data-e-type=\"container\">\n\t\t\t\t<div class=\"elementor-element elementor-element-6a4e44c elementor-widget elementor-widget-heading\" data-id=\"6a4e44c\" data-element_type=\"widget\" data-e-type=\"widget\" data-widget_type=\"heading.default\">\n\t\t\t\t\t<h1 class=\"elementor-heading-title elementor-size-default\">Olivar tradicional<br>en Torredonjimeno<\/h1>\t\t\t\t<\/div>\n\t\t\t\t<div class=\"elementor-element elementor-element-1f0dcea elementor-widget elementor-widget-heading\" data-id=\"1f0dcea\" data-element_type=\"widget\" data-e-type=\"widget\" data-widget_type=\"heading.default\">\n\t\t\t\t\t<h2 class=\"elementor-heading-title elementor-size-default\">Cuidamos el olivo con respeto, tradici\u00f3n y compromiso con nuestra tierra.<\/h2>\t\t\t\t<\/div>\n\t\t\t\t<\/div>\n\t\t\t\t\t<\/div>\n\t\t\t\t<\/div>\n\t\t<div class=\"elementor-element elementor-element-df5063d e-flex e-con-boxed e-con e-parent\" data-id=\"df5063d\" data-element_type=\"container\" data-e-type=\"container\">\n\t\t\t\t\t<div class=\"e-con-inner\">\n\t\t<div class=\"elementor-element elementor-element-31cdfdb e-con-full e-flex e-con e-child\" data-id=\"31cdfdb\" data-element_type=\"container\" data-e-type=\"container\">\n\t\t\t\t<div class=\"elementor-element elementor-element-3d9c9be elementor-widget elementor-widget-menu-anchor\" data-id=\"3d9c9be\" data-element_type=\"widget\" data-e-type=\"widget\" data-widget_type=\"menu-anchor.default\">\n\t\t\t\t\t\t\t<div class=\"elementor-menu-anchor\" id=\"sobre-nosotros\"><\/div>\n\t\t\t\t\t\t<\/div>\n\t\t\t\t<\/div>\n\t\t\t\t\t<\/div>\n\t\t\t\t<\/div>\n\t\t<div class=\"elementor-element elementor-element-0710909 e-flex e-con-boxed e-con e-parent\" data-id=\"0710909\" data-element_type=\"container\" data-e-type=\"container\">\n\t\t\t\t\t<div class=\"e-con-inner\">\n\t\t<div class=\"elementor-element elementor-element-c0a9ac4 e-con-full e-flex e-con e-child\" data-id=\"c0a9ac4\" data-element_type=\"container\" data-e-type=\"container\">\n\t\t\t\t<div class=\"elementor-element elementor-element-d21a677 elementor-widget elementor-widget-image\" data-id=\"d21a677\" data-element_type=\"widget\" data-e-type=\"widget\" data-widget_type=\"image.default\">\n\t\t\t\t\t\t\t\t\t\t\t\t\t\t\t<img fetchpriority=\"high\" decoding=\"async\" width=\"1000\" height=\"667\" src=\"https:\/\/piedrascucas.es\/wp-content\/uploads\/2026\/01\/aceituna.jpg\" class=\"attachment-large size-large wp-image-57\" alt=\"\" srcset=\"https:\/\/piedrascucas.es\/wp-content\/uploads\/2026\/01\/aceituna.jpg 1000w, https:\/\/piedrascucas.es\/wp-content\/uploads\/2026\/01\/aceituna-300x200.jpg 300w, https:\/\/piedrascucas.es\/wp-content\/uploads\/2026\/01\/aceituna-768x512.jpg 768w\" sizes=\"(max-width: 1000px) 100vw, 1000px\" \/>\t\t\t\t\t\t\t\t\t\t\t\t\t\t\t<\/div>\n\t\t\t\t<\/div>\n\t\t<div class=\"elementor-element elementor-element-222ed5c e-con-full e-flex e-con e-child\" data-id=\"222ed5c\" data-element_type=\"container\" data-e-type=\"container\">\n\t\t\t\t<div class=\"elementor-element elementor-element-6ecc7e4 elementor-widget elementor-widget-heading\" data-id=\"6ecc7e4\" data-element_type=\"widget\" data-e-type=\"widget\" data-widget_type=\"heading.default\">\n\t\t\t\t\t<h2 class=\"elementor-heading-title elementor-size-default\">Sobre nosotros<\/h2>\t\t\t\t<\/div>\n\t\t\t\t<div class=\"elementor-element elementor-element-807f9c9 elementor-widget-divider--view-line elementor-widget elementor-widget-divider\" data-id=\"807f9c9\" data-element_type=\"widget\" data-e-type=\"widget\" data-widget_type=\"divider.default\">\n\t\t\t\t\t\t\t<div class=\"elementor-divider\">\n\t\t\t<span class=\"elementor-divider-separator\">\n\t\t\t\t\t\t<\/span>\n\t\t<\/div>\n\t\t\t\t\t\t<\/div>\n\t\t\t\t<div class=\"elementor-element elementor-element-68745e1 elementor-widget elementor-widget-text-editor\" data-id=\"68745e1\" data-element_type=\"widget\" data-e-type=\"widget\" data-widget_type=\"text-editor.default\">\n\t\t\t\t\t\t\t\t\t<p data-start=\"303\" data-end=\"489\"><strong data-start=\"303\" data-end=\"320\">Piedras Cucas<\/strong> es una explotaci\u00f3n dedicada al <strong data-start=\"352\" data-end=\"374\">olivar tradicional<\/strong>, ubicada en el t\u00e9rmino municipal de <strong data-start=\"411\" data-end=\"436\">Torredonjimeno (Ja\u00e9n)<\/strong>, en una tierra con una profunda tradici\u00f3n olivarera.<\/p><p data-start=\"491\" data-end=\"854\">Nuestro trabajo se basa en el <strong data-start=\"521\" data-end=\"542\">cuidado del olivo<\/strong>, el respeto por el entorno y el mantenimiento de pr\u00e1cticas tradicionales que han pasado de generaci\u00f3n en generaci\u00f3n. Apostamos por una agricultura responsable, donde cada tarea se realiza con dedicaci\u00f3n y conocimiento del campo, buscando siempre la calidad del fruto y la conservaci\u00f3n del paisaje que nos rodea.<\/p><p data-start=\"856\" data-end=\"983\">En Piedras Cucas entendemos el olivar no solo como un medio de producci\u00f3n, sino como una forma de vida ligada a nuestra tierra.<\/p>\t\t\t\t\t\t\t\t<\/div>\n\t\t\t\t<\/div>\n\t\t\t\t\t<\/div>\n\t\t\t\t<\/div>\n\t\t<div class=\"elementor-element elementor-element-2f37eaa e-flex e-con-boxed e-con e-parent\" data-id=\"2f37eaa\" data-element_type=\"container\" data-e-type=\"container\">\n\t\t\t\t\t<div class=\"e-con-inner\">\n\t\t<div class=\"elementor-element elementor-element-e5cddf1 e-con-full e-flex e-con e-child\" data-id=\"e5cddf1\" data-element_type=\"container\" data-e-type=\"container\">\n\t\t\t\t<div class=\"elementor-element elementor-element-d34f063 elementor-widget elementor-widget-menu-anchor\" data-id=\"d34f063\" data-element_type=\"widget\" data-e-type=\"widget\" data-widget_type=\"menu-anchor.default\">\n\t\t\t\t\t\t\t<div class=\"elementor-menu-anchor\" id=\"servicios\"><\/div>\n\t\t\t\t\t\t<\/div>\n\t\t\t\t<\/div>\n\t\t\t\t\t<\/div>\n\t\t\t\t<\/div>\n\t\t<div class=\"elementor-element elementor-element-b51e5a1 e-flex e-con-boxed e-con e-parent\" data-id=\"b51e5a1\" data-element_type=\"container\" data-e-type=\"container\">\n\t\t\t\t\t<div class=\"e-con-inner\">\n\t\t<div class=\"elementor-element elementor-element-c50d3fe e-con-full e-flex e-con e-child\" data-id=\"c50d3fe\" data-element_type=\"container\" data-e-type=\"container\">\n\t\t\t\t<div class=\"elementor-element elementor-element-2abde18 elementor-hidden-desktop elementor-hidden-tablet elementor-widget elementor-widget-image\" data-id=\"2abde18\" data-element_type=\"widget\" data-e-type=\"widget\" data-widget_type=\"image.default\">\n\t\t\t\t\t\t\t\t\t\t\t\t\t\t\t<img decoding=\"async\" width=\"1000\" height=\"667\" src=\"https:\/\/piedrascucas.es\/wp-content\/uploads\/2026\/01\/aceitna-verde.jpg\" class=\"attachment-large size-large wp-image-61\" alt=\"\" srcset=\"https:\/\/piedrascucas.es\/wp-content\/uploads\/2026\/01\/aceitna-verde.jpg 1000w, https:\/\/piedrascucas.es\/wp-content\/uploads\/2026\/01\/aceitna-verde-300x200.jpg 300w, https:\/\/piedrascucas.es\/wp-content\/uploads\/2026\/01\/aceitna-verde-768x512.jpg 768w\" sizes=\"(max-width: 1000px) 100vw, 1000px\" \/>\t\t\t\t\t\t\t\t\t\t\t\t\t\t\t<\/div>\n\t\t\t\t<div class=\"elementor-element elementor-element-97a8802 elementor-widget elementor-widget-heading\" data-id=\"97a8802\" data-element_type=\"widget\" data-e-type=\"widget\" data-widget_type=\"heading.default\">\n\t\t\t\t\t<h2 class=\"elementor-heading-title elementor-size-default\">Servicios<\/h2>\t\t\t\t<\/div>\n\t\t\t\t<div class=\"elementor-element elementor-element-9df5f79 elementor-widget-divider--view-line elementor-widget elementor-widget-divider\" data-id=\"9df5f79\" data-element_type=\"widget\" data-e-type=\"widget\" data-widget_type=\"divider.default\">\n\t\t\t\t\t\t\t<div class=\"elementor-divider\">\n\t\t\t<span class=\"elementor-divider-separator\">\n\t\t\t\t\t\t<\/span>\n\t\t<\/div>\n\t\t\t\t\t\t<\/div>\n\t\t\t\t<div class=\"elementor-element elementor-element-c76f279 elementor-widget elementor-widget-text-editor\" data-id=\"c76f279\" data-element_type=\"widget\" data-e-type=\"widget\" data-widget_type=\"text-editor.default\">\n\t\t\t\t\t\t\t\t\t<p data-start=\"1013\" data-end=\"1172\">En <strong data-start=\"1016\" data-end=\"1033\">Piedras Cucas<\/strong> desarrollamos todas las labores propias de la <strong data-start=\"1080\" data-end=\"1118\">explotaci\u00f3n del olivar tradicional<\/strong>, prestando especial atenci\u00f3n a cada fase del cultivo:<\/p><ul data-start=\"1174\" data-end=\"1443\"><li data-start=\"1174\" data-end=\"1232\"><p data-start=\"1176\" data-end=\"1232\">Cuidado y mantenimiento del olivar durante todo el a\u00f1o<\/p><\/li><li data-start=\"1233\" data-end=\"1288\"><p data-start=\"1235\" data-end=\"1288\">Labores agr\u00edcolas tradicionales adaptadas al olivar<\/p><\/li><li data-start=\"1289\" data-end=\"1337\"><p data-start=\"1291\" data-end=\"1337\">Seguimiento del estado del olivo y del fruto<\/p><\/li><li data-start=\"1338\" data-end=\"1401\"><p data-start=\"1340\" data-end=\"1401\">Recolecci\u00f3n de la aceituna respetando los tiempos naturales<\/p><\/li><li data-start=\"1402\" data-end=\"1443\"><p data-start=\"1404\" data-end=\"1443\">Gesti\u00f3n responsable de la explotaci\u00f3n<\/p><\/li><\/ul><p data-start=\"1445\" data-end=\"1583\">Nuestro objetivo es garantizar un olivar bien cuidado, productivo y sostenible, respetando los ritmos de la naturaleza y el entorno rural.<\/p>\t\t\t\t\t\t\t\t<\/div>\n\t\t\t\t<\/div>\n\t\t<div class=\"elementor-element elementor-element-8405769 e-con-full e-flex e-con e-child\" data-id=\"8405769\" data-element_type=\"container\" data-e-type=\"container\">\n\t\t\t\t<div class=\"elementor-element elementor-element-8dc9507 elementor-hidden-mobile elementor-widget elementor-widget-image\" data-id=\"8dc9507\" data-element_type=\"widget\" data-e-type=\"widget\" data-widget_type=\"image.default\">\n\t\t\t\t\t\t\t\t\t\t\t\t\t\t\t<img decoding=\"async\" width=\"1000\" height=\"667\" src=\"https:\/\/piedrascucas.es\/wp-content\/uploads\/2026\/01\/aceitna-verde.jpg\" class=\"attachment-large size-large wp-image-61\" alt=\"\" srcset=\"https:\/\/piedrascucas.es\/wp-content\/uploads\/2026\/01\/aceitna-verde.jpg 1000w, https:\/\/piedrascucas.es\/wp-content\/uploads\/2026\/01\/aceitna-verde-300x200.jpg 300w, https:\/\/piedrascucas.es\/wp-content\/uploads\/2026\/01\/aceitna-verde-768x512.jpg 768w\" sizes=\"(max-width: 1000px) 100vw, 1000px\" \/>\t\t\t\t\t\t\t\t\t\t\t\t\t\t\t<\/div>\n\t\t\t\t<\/div>\n\t\t\t\t\t<\/div>\n\t\t\t\t<\/div>\n\t\t<div class=\"elementor-element elementor-element-0229831 e-flex e-con-boxed e-con e-parent\" data-id=\"0229831\" data-element_type=\"container\" data-e-type=\"container\">\n\t\t\t\t\t<div class=\"e-con-inner\">\n\t\t<div class=\"elementor-element elementor-element-d921d55 e-con-full e-flex e-con e-child\" data-id=\"d921d55\" data-element_type=\"container\" data-e-type=\"container\">\n\t\t\t\t<div class=\"elementor-element elementor-element-77d1235 elementor-widget elementor-widget-menu-anchor\" data-id=\"77d1235\" data-element_type=\"widget\" data-e-type=\"widget\" data-widget_type=\"menu-anchor.default\">\n\t\t\t\t\t\t\t<div class=\"elementor-menu-anchor\" id=\"contacto\"><\/div>\n\t\t\t\t\t\t<\/div>\n\t\t\t\t<\/div>\n\t\t\t\t\t<\/div>\n\t\t\t\t<\/div>\n\t\t<div class=\"elementor-element elementor-element-42acb88 e-flex e-con-boxed e-con e-parent\" data-id=\"42acb88\" data-element_type=\"container\" data-e-type=\"container\" data-settings=\"{&quot;background_background&quot;:&quot;classic&quot;}\">\n\t\t\t\t\t<div class=\"e-con-inner\">\n\t\t<div class=\"elementor-element elementor-element-e82bf9d e-con-full e-flex e-con e-child\" data-id=\"e82bf9d\" data-element_type=\"container\" data-e-type=\"container\">\n\t\t\t\t<div class=\"elementor-element elementor-element-54a8b13 elementor-widget elementor-widget-heading\" data-id=\"54a8b13\" data-element_type=\"widget\" data-e-type=\"widget\" data-widget_type=\"heading.default\">\n\t\t\t\t\t<h2 class=\"elementor-heading-title elementor-size-default\">Contacto<\/h2>\t\t\t\t<\/div>\n\t\t\t\t<div class=\"elementor-element elementor-element-5447b20 elementor-widget-divider--view-line elementor-widget elementor-widget-divider\" data-id=\"5447b20\" data-element_type=\"widget\" data-e-type=\"widget\" data-widget_type=\"divider.default\">\n\t\t\t\t\t\t\t<div class=\"elementor-divider\">\n\t\t\t<span class=\"elementor-divider-separator\">\n\t\t\t\t\t\t<\/span>\n\t\t<\/div>\n\t\t\t\t\t\t<\/div>\n\t\t\t\t<div class=\"elementor-element elementor-element-0150508 elementor-widget elementor-widget-text-editor\" data-id=\"0150508\" data-element_type=\"widget\" data-e-type=\"widget\" data-widget_type=\"text-editor.default\">\n\t\t\t\t\t\t\t\t\t<p data-start=\"143\" data-end=\"619\">Si deseas obtener m\u00e1s informaci\u00f3n sobre <strong data-start=\"183\" data-end=\"200\">Piedras Cucas<\/strong>, conocer m\u00e1s detalles sobre nuestra explotaci\u00f3n de olivar tradicional o realizar cualquier consulta, no dudes en ponerte en contacto con nosotros. Estaremos encantados de atenderte y resolver tus dudas de forma cercana y personalizada. Puedes escribirnos a trav\u00e9s del correo electr\u00f3nico <strong data-start=\"488\" data-end=\"512\">info@piedrascucas.es<\/strong><\/p>\t\t\t\t\t\t\t\t<\/div>\n\t\t\t\t<\/div>\n\t\t\t\t\t<\/div>\n\t\t\t\t<\/div>\n\t\t\t\t<\/div>\n\t\t","protected":false},"excerpt":{"rendered":"<p>Olivar tradicionalen Torredonjimeno Cuidamos el olivo con respeto, tradici\u00f3n y compromiso con nuestra tierra. Sobre nosotros Piedras Cucas es una [&hellip;]<\/p>\n","protected":false},"author":1,"featured_media":0,"parent":0,"menu_order":0,"comment_status":"closed","ping_status":"closed","template":"","meta":{"site-sidebar-layout":"no-sidebar","site-content-layout":"","ast-site-content-layout":"full-width-container","site-content-style":"default","site-sidebar-style":"default","ast-global-header-display":"","ast-banner-title-visibility":"","ast-main-header-display":"","ast-hfb-above-header-display":"","ast-hfb-below-header-display":"","ast-hfb-mobile-header-display":"","site-post-title":"disabled","ast-breadcrumbs-content":"","ast-featured-img":"disabled","footer-sml-layout":"","ast-disable-related-posts":"","theme-transparent-header-meta":"","adv-header-id-meta":"","stick-header-meta":"","header-above-stick-meta":"","header-main-stick-meta":"","header-below-stick-meta":"","astra-migrate-meta-layouts":"default","ast-page-background-enabled":"default","ast-page-background-meta":{"desktop":{"background-color":"var(--ast-global-color-5)","background-image":"","background-repeat":"repeat","background-position":"center center","background-size":"auto","background-attachment":"scroll","background-type":"","background-media":"","overlay-type":"","overlay-color":"","overlay-opacity":"","overlay-gradient":""},"tablet":{"background-color":"","background-image":"","background-repeat":"repeat","background-position":"center center","background-size":"auto","background-attachment":"scroll","background-type":"","background-media":"","overlay-type":"","overlay-color":"","overlay-opacity":"","overlay-gradient":""},"mobile":{"background-color":"","background-image":"","background-repeat":"repeat","background-position":"center center","background-size":"auto","background-attachment":"scroll","background-type":"","background-media":"","overlay-type":"","overlay-color":"","overlay-opacity":"","overlay-gradient":""}},"ast-content-background-meta":{"desktop":{"background-color":"var(--ast-global-color-4)","background-image":"","background-repeat":"repeat","background-position":"center center","background-size":"auto","background-attachment":"scroll","background-type":"","background-media":"","overlay-type":"","overlay-color":"","overlay-opacity":"","overlay-gradient":""},"tablet":{"background-color":"var(--ast-global-color-4)","background-image":"","background-repeat":"repeat","background-position":"center center","background-size":"auto","background-attachment":"scroll","background-type":"","background-media":"","overlay-type":"","overlay-color":"","overlay-opacity":"","overlay-gradient":""},"mobile":{"background-color":"var(--ast-global-color-4)","background-image":"","background-repeat":"repeat","background-position":"center center","background-size":"auto","background-attachment":"scroll","background-type":"","background-media":"","overlay-type":"","overlay-color":"","overlay-opacity":"","overlay-gradient":""}},"footnotes":""},"class_list":["post-15","page","type-page","status-publish","hentry"],"yoast_head":"<!-- This site is optimized with the Yoast SEO plugin v27.3 - https:\/\/yoast.com\/product\/yoast-seo-wordpress\/ -->\n<title>Inicio - Piedras Cucas<\/title>\n<meta name=\"robots\" content=\"index, follow, max-snippet:-1, max-image-preview:large, max-video-preview:-1\" \/>\n<link rel=\"canonical\" href=\"https:\/\/piedrascucas.es\/\" \/>\n<meta property=\"og:locale\" content=\"es_ES\" \/>\n<meta property=\"og:type\" content=\"article\" \/>\n<meta property=\"og:title\" content=\"Inicio - Piedras Cucas\" \/>\n<meta property=\"og:description\" content=\"Olivar tradicionalen Torredonjimeno Cuidamos el olivo con respeto, tradici\u00f3n y compromiso con nuestra tierra. Sobre nosotros Piedras Cucas es una [&hellip;]\" \/>\n<meta property=\"og:url\" content=\"https:\/\/piedrascucas.es\/\" \/>\n<meta property=\"og:site_name\" content=\"Piedras Cucas\" \/>\n<meta property=\"article:modified_time\" content=\"2026-01-19T15:53:39+00:00\" \/>\n<meta property=\"og:image\" content=\"http:\/\/piedrascucas.es\/wp-content\/uploads\/2026\/01\/aceituna.jpg\" \/>\n<meta name=\"twitter:card\" content=\"summary_large_image\" \/>\n<meta name=\"twitter:label1\" content=\"Tiempo de lectura\" \/>\n\t<meta name=\"twitter:data1\" content=\"2 minutos\" \/>\n<script type=\"application\/ld+json\" class=\"yoast-schema-graph\">{\"@context\":\"https:\\\/\\\/schema.org\",\"@graph\":[{\"@type\":\"WebPage\",\"@id\":\"https:\\\/\\\/piedrascucas.es\\\/\",\"url\":\"https:\\\/\\\/piedrascucas.es\\\/\",\"name\":\"Inicio - Piedras Cucas\",\"isPartOf\":{\"@id\":\"https:\\\/\\\/piedrascucas.es\\\/#website\"},\"primaryImageOfPage\":{\"@id\":\"https:\\\/\\\/piedrascucas.es\\\/#primaryimage\"},\"image\":{\"@id\":\"https:\\\/\\\/piedrascucas.es\\\/#primaryimage\"},\"thumbnailUrl\":\"http:\\\/\\\/piedrascucas.es\\\/wp-content\\\/uploads\\\/2026\\\/01\\\/aceituna.jpg\",\"datePublished\":\"2026-01-19T15:28:20+00:00\",\"dateModified\":\"2026-01-19T15:53:39+00:00\",\"breadcrumb\":{\"@id\":\"https:\\\/\\\/piedrascucas.es\\\/#breadcrumb\"},\"inLanguage\":\"es\",\"potentialAction\":[{\"@type\":\"ReadAction\",\"target\":[\"https:\\\/\\\/piedrascucas.es\\\/\"]}]},{\"@type\":\"ImageObject\",\"inLanguage\":\"es\",\"@id\":\"https:\\\/\\\/piedrascucas.es\\\/#primaryimage\",\"url\":\"https:\\\/\\\/piedrascucas.es\\\/wp-content\\\/uploads\\\/2026\\\/01\\\/aceituna.jpg\",\"contentUrl\":\"https:\\\/\\\/piedrascucas.es\\\/wp-content\\\/uploads\\\/2026\\\/01\\\/aceituna.jpg\",\"width\":1000,\"height\":667},{\"@type\":\"BreadcrumbList\",\"@id\":\"https:\\\/\\\/piedrascucas.es\\\/#breadcrumb\",\"itemListElement\":[{\"@type\":\"ListItem\",\"position\":1,\"name\":\"Portada\",\"item\":\"https:\\\/\\\/piedrascucas.es\\\/\"},{\"@type\":\"ListItem\",\"position\":2,\"name\":\"Inicio\"}]},{\"@type\":\"WebSite\",\"@id\":\"https:\\\/\\\/piedrascucas.es\\\/#website\",\"url\":\"https:\\\/\\\/piedrascucas.es\\\/\",\"name\":\"Piedras Cucas\",\"description\":\"\",\"publisher\":{\"@id\":\"https:\\\/\\\/piedrascucas.es\\\/#organization\"},\"potentialAction\":[{\"@type\":\"SearchAction\",\"target\":{\"@type\":\"EntryPoint\",\"urlTemplate\":\"https:\\\/\\\/piedrascucas.es\\\/?s={search_term_string}\"},\"query-input\":{\"@type\":\"PropertyValueSpecification\",\"valueRequired\":true,\"valueName\":\"search_term_string\"}}],\"inLanguage\":\"es\"},{\"@type\":\"Organization\",\"@id\":\"https:\\\/\\\/piedrascucas.es\\\/#organization\",\"name\":\"Piedras Cucas\",\"url\":\"https:\\\/\\\/piedrascucas.es\\\/\",\"logo\":{\"@type\":\"ImageObject\",\"inLanguage\":\"es\",\"@id\":\"https:\\\/\\\/piedrascucas.es\\\/#\\\/schema\\\/logo\\\/image\\\/\",\"url\":\"https:\\\/\\\/piedrascucas.es\\\/wp-content\\\/uploads\\\/2026\\\/01\\\/LOGO.png\",\"contentUrl\":\"https:\\\/\\\/piedrascucas.es\\\/wp-content\\\/uploads\\\/2026\\\/01\\\/LOGO.png\",\"width\":496,\"height\":455,\"caption\":\"Piedras Cucas\"},\"image\":{\"@id\":\"https:\\\/\\\/piedrascucas.es\\\/#\\\/schema\\\/logo\\\/image\\\/\"}}]}<\/script>\n<!-- \/ Yoast SEO plugin. -->","yoast_head_json":{"title":"Inicio - Piedras Cucas","robots":{"index":"index","follow":"follow","max-snippet":"max-snippet:-1","max-image-preview":"max-image-preview:large","max-video-preview":"max-video-preview:-1"},"canonical":"https:\/\/piedrascucas.es\/","og_locale":"es_ES","og_type":"article","og_title":"Inicio - Piedras Cucas","og_description":"Olivar tradicionalen Torredonjimeno Cuidamos el olivo con respeto, tradici\u00f3n y compromiso con nuestra tierra. Sobre nosotros Piedras Cucas es una [&hellip;]","og_url":"https:\/\/piedrascucas.es\/","og_site_name":"Piedras Cucas","article_modified_time":"2026-01-19T15:53:39+00:00","og_image":[{"url":"http:\/\/piedrascucas.es\/wp-content\/uploads\/2026\/01\/aceituna.jpg","type":"","width":"","height":""}],"twitter_card":"summary_large_image","twitter_misc":{"Tiempo de lectura":"2 minutos"},"schema":{"@context":"https:\/\/schema.org","@graph":[{"@type":"WebPage","@id":"https:\/\/piedrascucas.es\/","url":"https:\/\/piedrascucas.es\/","name":"Inicio - Piedras Cucas","isPartOf":{"@id":"https:\/\/piedrascucas.es\/#website"},"primaryImageOfPage":{"@id":"https:\/\/piedrascucas.es\/#primaryimage"},"image":{"@id":"https:\/\/piedrascucas.es\/#primaryimage"},"thumbnailUrl":"http:\/\/piedrascucas.es\/wp-content\/uploads\/2026\/01\/aceituna.jpg","datePublished":"2026-01-19T15:28:20+00:00","dateModified":"2026-01-19T15:53:39+00:00","breadcrumb":{"@id":"https:\/\/piedrascucas.es\/#breadcrumb"},"inLanguage":"es","potentialAction":[{"@type":"ReadAction","target":["https:\/\/piedrascucas.es\/"]}]},{"@type":"ImageObject","inLanguage":"es","@id":"https:\/\/piedrascucas.es\/#primaryimage","url":"https:\/\/piedrascucas.es\/wp-content\/uploads\/2026\/01\/aceituna.jpg","contentUrl":"https:\/\/piedrascucas.es\/wp-content\/uploads\/2026\/01\/aceituna.jpg","width":1000,"height":667},{"@type":"BreadcrumbList","@id":"https:\/\/piedrascucas.es\/#breadcrumb","itemListElement":[{"@type":"ListItem","position":1,"name":"Portada","item":"https:\/\/piedrascucas.es\/"},{"@type":"ListItem","position":2,"name":"Inicio"}]},{"@type":"WebSite","@id":"https:\/\/piedrascucas.es\/#website","url":"https:\/\/piedrascucas.es\/","name":"Piedras Cucas","description":"","publisher":{"@id":"https:\/\/piedrascucas.es\/#organization"},"potentialAction":[{"@type":"SearchAction","target":{"@type":"EntryPoint","urlTemplate":"https:\/\/piedrascucas.es\/?s={search_term_string}"},"query-input":{"@type":"PropertyValueSpecification","valueRequired":true,"valueName":"search_term_string"}}],"inLanguage":"es"},{"@type":"Organization","@id":"https:\/\/piedrascucas.es\/#organization","name":"Piedras Cucas","url":"https:\/\/piedrascucas.es\/","logo":{"@type":"ImageObject","inLanguage":"es","@id":"https:\/\/piedrascucas.es\/#\/schema\/logo\/image\/","url":"https:\/\/piedrascucas.es\/wp-content\/uploads\/2026\/01\/LOGO.png","contentUrl":"https:\/\/piedrascucas.es\/wp-content\/uploads\/2026\/01\/LOGO.png","width":496,"height":455,"caption":"Piedras Cucas"},"image":{"@id":"https:\/\/piedrascucas.es\/#\/schema\/logo\/image\/"}}]}},"_links":{"self":[{"href":"https:\/\/piedrascucas.es\/index.php\/wp-json\/wp\/v2\/pages\/15","targetHints":{"allow":["GET"]}}],"collection":[{"href":"https:\/\/piedrascucas.es\/index.php\/wp-json\/wp\/v2\/pages"}],"about":[{"href":"https:\/\/piedrascucas.es\/index.php\/wp-json\/wp\/v2\/types\/page"}],"author":[{"embeddable":true,"href":"https:\/\/piedrascucas.es\/index.php\/wp-json\/wp\/v2\/users\/1"}],"replies":[{"embeddable":true,"href":"https:\/\/piedrascucas.es\/index.php\/wp-json\/wp\/v2\/comments?post=15"}],"version-history":[{"count":30,"href":"https:\/\/piedrascucas.es\/index.php\/wp-json\/wp\/v2\/pages\/15\/revisions"}],"predecessor-version":[{"id":74,"href":"https:\/\/piedrascucas.es\/index.php\/wp-json\/wp\/v2\/pages\/15\/revisions\/74"}],"wp:attachment":[{"href":"https:\/\/piedrascucas.es\/index.php\/wp-json\/wp\/v2\/media?parent=15"}],"curies":[{"name":"wp","href":"https:\/\/api.w.org\/{rel}","templated":true}]}}